{"id":10,"date":"2014-05-12T13:03:00","date_gmt":"2014-05-12T12:03:00","guid":{"rendered":"http:\/\/portfolio.dev\/?page_id=10"},"modified":"2024-11-29T16:48:32","modified_gmt":"2024-11-29T15:48:32","slug":"experience","status":"publish","type":"page","link":"https:\/\/anthony-dessalles.fr\/en\/experience\/","title":{"rendered":"Experience"},"content":{"rendered":"<h3>Product Manager<\/h3>\n<pre>May 2024 - Now: e-Obs Technologies (<a href=\"https:\/\/www.memory-flow.fr\/\" target=\"_blank\" rel=\"noopener\">MemoryFlow<\/a>)<\/pre>\n<h3>Product Manager<\/h3>\n<pre>January 2023 - April 2024: <a href=\"http:\/\/www.geolid.com\/\" target=\"_blank\" rel=\"noopener\">Geolid<\/a><\/pre>\n<ul>\n<li>Competitor monitoring<\/li>\n<li>Backlog management<\/li>\n<li>Creation of the product vision and roadmap<\/li>\n<li>Projects guidance and mock-ups creation<\/li>\n<li>Development monitoring and functional testing<\/li>\n<li>Collaboration around the product communication<\/li>\n<li>Data analysis<\/li>\n<\/ul>\n<h3>Technical Product Manager<\/h3>\n<pre>October 2022 - December 2022: <a href=\"http:\/\/www.geolid.com\/\" target=\"_blank\" rel=\"noopener\">Geolid<\/a><\/pre>\n<ul>\n<li>Creation of the product organization in the company<\/li>\n<li>Projects guidance and mock-ups creation<\/li>\n<li>Development monitoring and functional testing<\/li>\n<li>Collaboration around the product communication<\/li>\n<li>Data analysis<\/li>\n<\/ul>\n<h3>Product Owner<\/h3>\n<pre>September 2021 - September 2022: <a href=\"http:\/\/www.geolid.com\/\" target=\"_blank\" rel=\"noopener\">Geolid<\/a><\/pre>\n<ul>\n<li>Projects coordination<\/li>\n<li>Team coordination<\/li>\n<li>Agile project management (Scrum)<\/li>\n<\/ul>\n<h3>Technical Project Manager<\/h3>\n<pre>August 2020 - August 2021: <a href=\"http:\/\/www.geolid.com\/\" target=\"_blank\" rel=\"noopener\">Geolid<\/a><\/pre>\n<ul>\n<li>Web development<\/li>\n<li>Project management<\/li>\n<\/ul>\n<h3>Application Maintenance Project Manager<\/h3>\n<pre>February 2018 - July 2020: <a href=\"http:\/\/www.geolid.com\/\" target=\"_blank\" rel=\"noopener\">Geolid<\/a><\/pre>\n<ul>\n<li>Application maintenance manager<\/li>\n<li>Coordination of tasks related to the evolution of maintenance and bug fixes<\/li>\n<li>Contribution to the reduction of the technical debt<\/li>\n<li>Management of the application maintenance team in Tunisia<\/li>\n<\/ul>\n<h3>Web development<\/h3>\n<pre>October 2015 - January 2018: <a href=\"http:\/\/www.geolid.com\/\" target=\"_blank\" rel=\"noopener\">Geolid<\/a><\/pre>\n<ul>\n<li>Symfony 2, 3 &amp; 4 apps development<\/li>\n<li>Creating bridges between Sage and our ERP<\/li>\n<li>Creating a purchase site for franchisees<\/li>\n<li>Installing Matomo (Piwik), the open-source analytics solution<\/li>\n<li>Refactoring legacy code into Object<\/li>\n<li>Developing new functionalities, optimisations and bug fixes in our ERP<\/li>\n<li>Creating tutorials for internal coworkers<\/li>\n<li>Handling onboarding meetings for new coworkers<\/li>\n<\/ul>\n<h3 style=\"text-align: left;\">Volunteering - European Voluntary Service<\/h3>\n<pre>December 2014 - August 2015: <a href=\"http:\/\/inspire.org.mt\/\" target=\"_blank\" rel=\"noopener\">Inspire Foundation Malta<\/a><\/pre>\n<ul>\n<li>Volunteering : Joining or taking care of the different activities the foundation offer to disabled people in Malta (social interaction, swimming-pool, therapeutic horseback riding, multi-sensory rooms, arts and crafts...)<\/li>\n<li>Working in different fundraising events for Inspire (Malta marathon, nutella festival, beer festival...)<\/li>\n<li>From January 2015, creating and handling a backend website (which also works with a database). This system is allowing Inspire to store a lot of data about the clients they have, their staff members and all the sessions given throughout the year. Then, they can export it via within reports and give feedback to the government.<\/li>\n<\/ul>\n<p><a href=\"https:\/\/inspireevs.wordpress.com\/2015\/09\/10\/my-evs-anthony-dessalles\/\" target=\"_blank\" rel=\"noopener\">Article about my experience with Inspire<\/a><\/p>\n<h3 style=\"text-align: left;\">Short term contracts<\/h3>\n<pre>September 2014 - November 2014: Chambon D\u00e9m\u00e9nagement, Thivend Industrie, France<\/pre>\n<ul>\n<li>Cleaning different type of pieces with acid in a factory<\/li>\n<li>Removal man, 3.5 tons truck driver<\/li>\n<\/ul>\n<h3>Personal projects<\/h3>\n<pre>March 2014 - Now<\/pre>\n<ul>\n<li>Launch of my portfolio (2014)<\/li>\n<li>EVS preparation (2014)<\/li>\n<li>Creation of multiple websites with different technologies<\/li>\n<\/ul>\n<h3 style=\"text-align: left;\">SEO<\/h3>\n<pre style=\"text-align: left;\">October 2013 - March 2014: <a href=\"http:\/\/www.askin.fr\/\" target=\"_blank\" rel=\"noopener\">Ask Interactive<\/a><\/pre>\n<ul>\n<li>Set up and aftercare of the Search Engine Optimization via the Advanced Web Ranking and the Webmaster Tools<\/li>\n<\/ul>\n<h3 style=\"text-align: left;\">Web development (work-study)<\/h3>\n<pre style=\"text-align: left;\">June 2013 - September 2013: <a href=\"http:\/\/www.askin.fr\/\" target=\"_blank\" rel=\"noopener\">Ask Interactive<\/a><\/pre>\n<ul>\n<li>Plugins development for Magento<\/li>\n<li>Set up and configuration of Wordpress websites<\/li>\n<li>Use of the Content Management System Bolt CM<\/li>\n<li>Creation of Symfony forms<\/li>\n<\/ul>\n<h3>Applications development (work-study)<\/h3>\n<pre>September 2012 - April 2013: <a href=\"http:\/\/www.myluckyday.fr\/\" target=\"_blank\" rel=\"noopener\">My Lucky Day<\/a><\/pre>\n<ul>\n<li>Back Office development in PHP<\/li>\n<li>Creating responsive webpages for mobile apps<\/li>\n<li>HTML and Javascript application development<\/li>\n<\/ul>\n<h3>Summer job<\/h3>\n<pre>June 2012 - August 2012: Rh\u00f4ne Prefecture, France<\/pre>\n<ul>\n<li>Maintenance and deployment of IT systems<\/li>\n<li>User help<\/li>\n<\/ul>\n<h3>Customer service manager<\/h3>\n<pre>July 2011: Cr\u00e9dit Agricole Roanne Arsenal (Bank), France<\/pre>\n<ul>\n<li>Welcoming clients<\/li>\n<li>Taking care of phone calls<\/li>\n<\/ul>\n<h3>Intern<\/h3>\n<pre>May 2011 - July 2011: Rh\u00f4ne Prefecture, France<\/pre>\n<ul>\n<li>Maintenance and deployment of IT systems<\/li>\n<li>User help<\/li>\n<\/ul>","protected":false},"excerpt":{"rendered":"<p>Product Manager Mai 2024 &#8211; Maintenant : e-Obs Technologies (MemoryFlow) Product Manager Janvier 2023 &#8211; Avril 2024 : Geolid Veille concurentielle Gestion du backlog Conception de la vision et de la roadmap produit Cadrage des projets et cr\u00e9ation de maquettes Suivi du d\u00e9veloppement et tests fonctionnels Collaboration autour de la communication produit Analyse des donn\u00e9es [&hellip;]<\/p>\n","protected":false},"author":1,"featured_media":453,"parent":0,"menu_order":0,"comment_status":"open","ping_status":"open","template":"","meta":{"footnotes":""},"class_list":["post-10","page","type-page","status-publish","has-post-thumbnail","hentry"],"_links":{"self":[{"href":"https:\/\/anthony-dessalles.fr\/en\/wp-json\/wp\/v2\/pages\/10","targetHints":{"allow":["GET"]}}],"collection":[{"href":"https:\/\/anthony-dessalles.fr\/en\/wp-json\/wp\/v2\/pages"}],"about":[{"href":"https:\/\/anthony-dessalles.fr\/en\/wp-json\/wp\/v2\/types\/page"}],"author":[{"embeddable":true,"href":"https:\/\/anthony-dessalles.fr\/en\/wp-json\/wp\/v2\/users\/1"}],"replies":[{"embeddable":true,"href":"https:\/\/anthony-dessalles.fr\/en\/wp-json\/wp\/v2\/comments?post=10"}],"version-history":[{"count":63,"href":"https:\/\/anthony-dessalles.fr\/en\/wp-json\/wp\/v2\/pages\/10\/revisions"}],"predecessor-version":[{"id":559,"href":"https:\/\/anthony-dessalles.fr\/en\/wp-json\/wp\/v2\/pages\/10\/revisions\/559"}],"wp:featuredmedia":[{"embeddable":true,"href":"https:\/\/anthony-dessalles.fr\/en\/wp-json\/wp\/v2\/media\/453"}],"wp:attachment":[{"href":"https:\/\/anthony-dessalles.fr\/en\/wp-json\/wp\/v2\/media?parent=10"}],"curies":[{"name":"wp","href":"https:\/\/api.w.org\/{rel}","templated":true}]}}