{"id":21,"date":"2014-05-12T16:45:38","date_gmt":"2014-05-12T15:45:38","guid":{"rendered":"http:\/\/portfolio.dev\/?page_id=21"},"modified":"2025-10-01T10:25:11","modified_gmt":"2025-10-01T08:25:11","slug":"a-propos","status":"publish","type":"page","link":"https:\/\/anthony-dessalles.fr\/en\/a-propos\/","title":{"rendered":"About"},"content":{"rendered":"<figure class=\"wp-block-image aligncenter size-full is-resized\"><img loading=\"lazy\" decoding=\"async\" width=\"800\" height=\"800\" src=\"https:\/\/anthony-dessalles.fr\/wp-content\/uploads\/2025\/10\/1707148526825.jpg\" alt=\"\" class=\"wp-image-562\" style=\"width:255px;height:auto\" srcset=\"https:\/\/anthony-dessalles.fr\/wp-content\/uploads\/2025\/10\/1707148526825.jpg 800w, https:\/\/anthony-dessalles.fr\/wp-content\/uploads\/2025\/10\/1707148526825-300x300.jpg 300w, https:\/\/anthony-dessalles.fr\/wp-content\/uploads\/2025\/10\/1707148526825-150x150.jpg 150w, https:\/\/anthony-dessalles.fr\/wp-content\/uploads\/2025\/10\/1707148526825-768x768.jpg 768w, https:\/\/anthony-dessalles.fr\/wp-content\/uploads\/2025\/10\/1707148526825-12x12.jpg 12w\" sizes=\"auto, (max-width: 800px) 100vw, 800px\" \/><\/figure>\n\n\n\n<h3 class=\"wp-block-heading\">Profile<\/h3>\n\n\n\n<ul class=\"wp-block-list\">\n<li>Anthony Dessalles.<\/li>\n\n\n\n<li>Born 09\/03\/1992 in Roanne, France.<\/li>\n\n\n\n<li>Email : anthony.dessalles@gmail.com.<\/li>\n\n\n\n<li>French driving licence since May 2010.<\/li>\n<\/ul>\n\n\n\n<h3 class=\"wp-block-heading\">IT Skills<\/h3>\n\n\n\n<pre class=\"wp-block-preformatted\">Web<\/pre>\n\n\n\n<ul class=\"wp-block-list\">\n<li>Favorite language: PHP.<\/li>\n\n\n\n<li>Favorite framework: Symfony (since the version 2)<\/li>\n\n\n\n<li>Front : Connaissance en HTML5,&nbsp;CSS3 et JS.<\/li>\n\n\n\n<li>DB: MySQL (MariaDB)<\/li>\n\n\n\n<li>Resources : Bootstrap, jQuery, Gulp, FontAwesome...<\/li>\n\n\n\n<li><span style=\"font-weight: 400;\">Project management<\/span><\/li>\n\n\n\n<li><span style=\"font-weight: 400;\">Agile methodology development (scrum)<\/span><\/li>\n<\/ul>\n\n\n\n<pre class=\"wp-block-preformatted\">Others<\/pre>\n\n\n\n<ul class=\"wp-block-list\">\n<li>Basic knowledge of SEO<\/li>\n\n\n\n<li>Basic knowledge of Java, Java (Android) and C++.<\/li>\n<\/ul>\n\n\n\n<h3 class=\"wp-block-heading\">Complementary Info<\/h3>\n\n\n\n<pre class=\"wp-block-preformatted\">English<\/pre>\n\n\n\n<ul class=\"wp-block-list\">\n<li><span style=\"font-weight: 400;\">Fluent<\/span><\/li>\n\n\n\n<li><span style=\"font-weight: 400;\">Full professional expertise<\/span><\/li>\n<\/ul>\n\n\n\n<pre class=\"wp-block-preformatted\">Leisure<\/pre>\n\n\n\n<ul class=\"wp-block-list\">\n<li>Interested in technology and multimedia (apps, IT, computers, new technologies...)<\/li>\n\n\n\n<li>Sports (Football and Martial Arts)<\/li>\n\n\n\n<li>Music and Cinema<\/li>\n<\/ul>\n\n\n\n<pre class=\"wp-block-preformatted\">Favorite quotes<\/pre>\n\n\n\n<ul class=\"wp-block-list\">\n<li>\u00ab\u00a0Mieux vaut \u00eatre ha\u00ef pour ce que l&rsquo;on est qu&rsquo;aim\u00e9 pour ce que l&rsquo;on est pas.\u00a0\u00bb Andr\u00e9 Gide<\/li>\n\n\n\n<li>\u00ab\u00a0Good people can do bad things, make bad decisions. It doesn&rsquo;t make them bad people.\u00a0\u00bb&nbsp;Sonia Sotomayor<\/li>\n\n\n\n<li>\u00ab\u00a0It&rsquo;s not who I am underneath, but what I do that defines me.\u00a0\u00bb Batman Begins<\/li>\n\n\n\n<li>\u00ab\u00a0<a href=\"http:\/\/loesje.ee\/_posters\/2006.01.07\/eng\/YOU_AREN'T_TRAIN_-_FEEL_FREE_TO_CHANGE_YOUR_WAY.pdf\" target=\"_blank\" rel=\"noopener noreferrer\">You aren&rsquo;t train feel free to change your way<\/a>.\u00a0\u00bb Loesje<\/li>\n<\/ul>","protected":false},"excerpt":{"rendered":"<p>Profil Comp\u00e9tences Informatiques Univers du Web Autres Informations Compl\u00e9mentaires Anglais Loisirs Citations favorites<\/p>","protected":false},"author":1,"featured_media":447,"parent":0,"menu_order":0,"comment_status":"open","ping_status":"open","template":"","meta":{"footnotes":""},"class_list":["post-21","page","type-page","status-publish","has-post-thumbnail","hentry"],"_links":{"self":[{"href":"https:\/\/anthony-dessalles.fr\/en\/wp-json\/wp\/v2\/pages\/21","targetHints":{"allow":["GET"]}}],"collection":[{"href":"https:\/\/anthony-dessalles.fr\/en\/wp-json\/wp\/v2\/pages"}],"about":[{"href":"https:\/\/anthony-dessalles.fr\/en\/wp-json\/wp\/v2\/types\/page"}],"author":[{"embeddable":true,"href":"https:\/\/anthony-dessalles.fr\/en\/wp-json\/wp\/v2\/users\/1"}],"replies":[{"embeddable":true,"href":"https:\/\/anthony-dessalles.fr\/en\/wp-json\/wp\/v2\/comments?post=21"}],"version-history":[{"count":49,"href":"https:\/\/anthony-dessalles.fr\/en\/wp-json\/wp\/v2\/pages\/21\/revisions"}],"predecessor-version":[{"id":564,"href":"https:\/\/anthony-dessalles.fr\/en\/wp-json\/wp\/v2\/pages\/21\/revisions\/564"}],"wp:featuredmedia":[{"embeddable":true,"href":"https:\/\/anthony-dessalles.fr\/en\/wp-json\/wp\/v2\/media\/447"}],"wp:attachment":[{"href":"https:\/\/anthony-dessalles.fr\/en\/wp-json\/wp\/v2\/media?parent=21"}],"curies":[{"name":"wp","href":"https:\/\/api.w.org\/{rel}","templated":true}]}}