{"id":5,"date":"2014-05-12T10:20:53","date_gmt":"2014-05-12T09:20:53","guid":{"rendered":"http:\/\/127.0.0.1\/portfolio\/?page_id=5"},"modified":"2023-11-28T15:17:45","modified_gmt":"2023-11-28T14:17:45","slug":"accueil","status":"publish","type":"page","link":"https:\/\/anthony-dessalles.fr\/en\/","title":{"rendered":"Home"},"content":{"rendered":"<p>Welcome to <strong>anthony-dessalles.fr<\/strong>!<\/p>\n<p>On this website you will be able to find all of my <a title=\"Experience\" href=\"https:\/\/anthony-dessalles.fr\/en\/experience\/\">professional experiences<\/a>\u00a0since 2011 and all my\u00a0<a title=\"Education\" href=\"https:\/\/anthony-dessalles.fr\/en\/formation\/\">degrees <\/a>as well. Also, the <a title=\"Projects\" href=\"https:\/\/anthony-dessalles.fr\/en\/realisations\/\">projects<\/a> page enables you to have a look at\u00a0some of my personal projects (some of them are still working progress).<\/p>\n<p>The <a title=\"About\" href=\"https:\/\/anthony-dessalles.fr\/en\/a-propos\/\">about<\/a>\u00a0section will allow you to discover about me, my skills and what I like to do in my free time.<\/p>\n<p>The latest <a title=\"News\" href=\"https:\/\/anthony-dessalles.fr\/en\/actualites\/\">news<\/a> will always be available <a title=\"News\" href=\"https:\/\/anthony-dessalles.fr\/en\/actualites\/\">here<\/a>.<\/p>\n<p>Enjoy \ud83d\ude42<\/p>\n<p>Anthony Dessalles<\/p>","protected":false},"excerpt":{"rendered":"<p>Bienvenue sur le site anthony-dessalles.fr! Vous retrouverez sur mon site un tour d&rsquo;horizon de mes exp\u00e9riences professionnelles\u00a0depuis 2011 et l&rsquo;ensemble des\u00a0dipl\u00f4mes obtenus. Par ailleurs la page r\u00e9alisations vous permet de jeter un \u0153il sur les projets personnels que j&rsquo;ai ou suis en train de mettre en place. La rubrique \u00e0 propos\u00a0vous permettra de d\u00e9couvrir plusieurs [&hellip;]<\/p>\n","protected":false},"author":1,"featured_media":446,"parent":0,"menu_order":0,"comment_status":"open","ping_status":"open","template":"","meta":{"footnotes":""},"class_list":["post-5","page","type-page","status-publish","has-post-thumbnail","hentry"],"_links":{"self":[{"href":"https:\/\/anthony-dessalles.fr\/en\/wp-json\/wp\/v2\/pages\/5","targetHints":{"allow":["GET"]}}],"collection":[{"href":"https:\/\/anthony-dessalles.fr\/en\/wp-json\/wp\/v2\/pages"}],"about":[{"href":"https:\/\/anthony-dessalles.fr\/en\/wp-json\/wp\/v2\/types\/page"}],"author":[{"embeddable":true,"href":"https:\/\/anthony-dessalles.fr\/en\/wp-json\/wp\/v2\/users\/1"}],"replies":[{"embeddable":true,"href":"https:\/\/anthony-dessalles.fr\/en\/wp-json\/wp\/v2\/comments?post=5"}],"version-history":[{"count":25,"href":"https:\/\/anthony-dessalles.fr\/en\/wp-json\/wp\/v2\/pages\/5\/revisions"}],"predecessor-version":[{"id":474,"href":"https:\/\/anthony-dessalles.fr\/en\/wp-json\/wp\/v2\/pages\/5\/revisions\/474"}],"wp:featuredmedia":[{"embeddable":true,"href":"https:\/\/anthony-dessalles.fr\/en\/wp-json\/wp\/v2\/media\/446"}],"wp:attachment":[{"href":"https:\/\/anthony-dessalles.fr\/en\/wp-json\/wp\/v2\/media?parent=5"}],"curies":[{"name":"wp","href":"https:\/\/api.w.org\/{rel}","templated":true}]}}