{"id":8,"date":"2014-05-12T13:01:05","date_gmt":"2014-05-12T12:01:05","guid":{"rendered":"http:\/\/portfolio.dev\/?page_id=8"},"modified":"2023-08-07T13:46:25","modified_gmt":"2023-08-07T11:46:25","slug":"formation","status":"publish","type":"page","link":"https:\/\/anthony-dessalles.fr\/en\/formation\/","title":{"rendered":"Education"},"content":{"rendered":"<h3>IT Professional Bachelor's Degree<\/h3>\n<pre>September 2012 - October 2013: <a href=\"http:\/\/www.ecole-isitech.com\/\" target=\"_blank\" rel=\"noopener noreferrer\">Isitech, France<\/a><\/pre>\n<ul>\n<li>French BSC Degree, in a private school, called IT project manager in Lyon, France.<\/li>\n<\/ul>\n<h3>IT BTEC Higher National Diploma<\/h3>\n<pre>2010 - 2012: Lyc\u00e9e Edouard Branly, France<\/pre>\n<ul>\n<li>French BTEC Higher National Diploma called IT and networks for the industry and the technical services in Lyon, France.<\/li>\n<\/ul>\n<h3>BTEC National \"STI Electrotechnique\"<\/h3>\n<pre>2008 - 2010 : Lyc\u00e9e Hippolyte Carnot, France<\/pre>\n<ul>\n<li>French BTEC National with honors called science and industrial technologies with an electronic engineering option in Roanne, France.<\/li>\n<\/ul>\n<h3>Junior School Certificate<\/h3>\n<pre>2003 - 2007: Coll\u00e8ge Arago, France<\/pre>\n<ul>\n<li>French Junior School Certificate in Roanne, France.<\/li>\n<\/ul>","protected":false},"excerpt":{"rendered":"<p>Bac+3 Licence RPI Septembre 2012 &#8211; Octobre 2013 : Isitech Pr\u00e9paration et obtention de la Licence Responsable de Projet Informatique , en alternance, \u00e0 Lyon (Titre de niveau II inscrit au R\u00e9pertoire National des Certifications Professionnelles). Bac+2 BTS IRIS 2010 &#8211; 2012 : Lyc\u00e9e Edouard Branly Pr\u00e9paration et obtention du&nbsp;Brevet de Technicien Sup\u00e9rieur Informatique et [&hellip;]<\/p>\n","protected":false},"author":1,"featured_media":455,"parent":0,"menu_order":0,"comment_status":"open","ping_status":"open","template":"","meta":{"footnotes":""},"class_list":["post-8","page","type-page","status-publish","has-post-thumbnail","hentry"],"_links":{"self":[{"href":"https:\/\/anthony-dessalles.fr\/en\/wp-json\/wp\/v2\/pages\/8","targetHints":{"allow":["GET"]}}],"collection":[{"href":"https:\/\/anthony-dessalles.fr\/en\/wp-json\/wp\/v2\/pages"}],"about":[{"href":"https:\/\/anthony-dessalles.fr\/en\/wp-json\/wp\/v2\/types\/page"}],"author":[{"embeddable":true,"href":"https:\/\/anthony-dessalles.fr\/en\/wp-json\/wp\/v2\/users\/1"}],"replies":[{"embeddable":true,"href":"https:\/\/anthony-dessalles.fr\/en\/wp-json\/wp\/v2\/comments?post=8"}],"version-history":[{"count":21,"href":"https:\/\/anthony-dessalles.fr\/en\/wp-json\/wp\/v2\/pages\/8\/revisions"}],"predecessor-version":[{"id":456,"href":"https:\/\/anthony-dessalles.fr\/en\/wp-json\/wp\/v2\/pages\/8\/revisions\/456"}],"wp:featuredmedia":[{"embeddable":true,"href":"https:\/\/anthony-dessalles.fr\/en\/wp-json\/wp\/v2\/media\/455"}],"wp:attachment":[{"href":"https:\/\/anthony-dessalles.fr\/en\/wp-json\/wp\/v2\/media?parent=8"}],"curies":[{"name":"wp","href":"https:\/\/api.w.org\/{rel}","templated":true}]}}